{"id":68,"date":"2020-03-08T19:31:59","date_gmt":"2020-03-08T18:31:59","guid":{"rendered":"http:\/\/aaaas.fr\/?page_id=68"},"modified":"2022-07-18T21:57:07","modified_gmt":"2022-07-18T19:57:07","slug":"a-a-a-a-s","status":"publish","type":"page","link":"https:\/\/aaaas.fr\/","title":{"rendered":"A.A.A.A.S"},"content":{"rendered":"\t\t<div data-elementor-type=\"wp-page\" data-elementor-id=\"68\" class=\"elementor elementor-68\">\n\t\t\t\t\t\t<div class=\"elementor-inner\">\n\t\t\t\t<div class=\"elementor-section-wrap\">\n\t\t\t\t\t\t\t\t\t<section class=\"elementor-section elementor-top-section elementor-element elementor-element-a1748b5 elementor-section-boxed elementor-section-height-default elementor-section-height-default\" data-id=\"a1748b5\" data-element_type=\"section\">\n\t\t\t\t\t\t<div class=\"elementor-container elementor-column-gap-default\">\n\t\t\t\t\t\t\t<div class=\"elementor-row\">\n\t\t\t\t\t<div class=\"elementor-column elementor-col-100 elementor-top-column elementor-element elementor-element-fa3824e\" data-id=\"fa3824e\" data-element_type=\"column\">\n\t\t\t<div class=\"elementor-column-wrap elementor-element-populated\">\n\t\t\t\t\t\t\t<div class=\"elementor-widget-wrap\">\n\t\t\t\t\t\t<div class=\"elementor-element elementor-element-3fa90ae elementor-widget elementor-widget-spacer\" data-id=\"3fa90ae\" data-element_type=\"widget\" data-widget_type=\"spacer.default\">\n\t\t\t\t<div class=\"elementor-widget-container\">\n\t\t\t\t\t<div class=\"elementor-spacer\">\n\t\t\t<div class=\"elementor-spacer-inner\"><\/div>\n\t\t<\/div>\n\t\t\t\t<\/div>\n\t\t\t\t<\/div>\n\t\t\t\t\t\t<\/div>\n\t\t\t\t\t<\/div>\n\t\t<\/div>\n\t\t\t\t\t\t\t\t<\/div>\n\t\t\t\t\t<\/div>\n\t\t<\/section>\n\t\t\t\t<section class=\"elementor-section elementor-top-section elementor-element elementor-element-915f3d5 elementor-section-boxed elementor-section-height-default elementor-section-height-default\" data-id=\"915f3d5\" data-element_type=\"section\">\n\t\t\t\t\t\t<div class=\"elementor-container elementor-column-gap-default\">\n\t\t\t\t\t\t\t<div class=\"elementor-row\">\n\t\t\t\t\t<div class=\"elementor-column elementor-col-100 elementor-top-column elementor-element elementor-element-737d3ca8\" data-id=\"737d3ca8\" data-element_type=\"column\">\n\t\t\t<div class=\"elementor-column-wrap elementor-element-populated\">\n\t\t\t\t\t\t\t<div class=\"elementor-widget-wrap\">\n\t\t\t\t\t\t<div class=\"elementor-element elementor-element-35d98b16 elementor-widget elementor-widget-text-editor\" data-id=\"35d98b16\" data-element_type=\"widget\" data-widget_type=\"text-editor.default\">\n\t\t\t\t<div class=\"elementor-widget-container\">\n\t\t\t\t\t\t\t\t<div class=\"elementor-text-editor elementor-clearfix\">\n\t\t\t\t<p dir=\"ltr\" style=\"line-height: 1.38; margin-top: 0pt; margin-bottom: 0pt;\"><span style=\"font-size: 11pt; font-family: Arial; color: #000000; background-color: transparent; font-weight: 400; font-style: normal; font-variant: normal; text-decoration: none; vertical-align: baseline; white-space: pre-wrap;\">L&rsquo; <\/span><span style=\"font-size: 18pt; font-family: Arial; color: #ff0000; background-color: transparent; font-weight: bold; font-style: normal; font-variant: normal; text-decoration: none; vertical-align: baseline; white-space: pre-wrap;\">A<\/span><span style=\"font-size: 11pt; font-family: Arial; color: #000000; background-color: transparent; font-weight: 400; font-style: normal; font-variant: normal; text-decoration: none; vertical-align: baseline; white-space: pre-wrap;\">ssociation des <\/span><span style=\"font-size: 18pt; font-family: Arial; color: #ff0000; background-color: transparent; font-weight: bold; font-style: normal; font-variant: normal; text-decoration: none; vertical-align: baseline; white-space: pre-wrap;\">A<\/span><span style=\"font-size: 11pt; font-family: Arial; color: #000000; background-color: transparent; font-weight: 400; font-style: normal; font-variant: normal; text-decoration: none; vertical-align: baseline; white-space: pre-wrap;\">mis des <\/span><span style=\"font-size: 18pt; font-family: Arial; color: #ff0000; background-color: transparent; font-weight: bold; font-style: normal; font-variant: normal; text-decoration: none; vertical-align: baseline; white-space: pre-wrap;\">A<\/span><span style=\"font-size: 11pt; font-family: Arial; color: #000000; background-color: transparent; font-weight: 400; font-style: normal; font-variant: normal; text-decoration: none; vertical-align: baseline; white-space: pre-wrap;\">utomobiles <\/span><span style=\"font-size: 18pt; font-family: Arial; color: #ff0000; background-color: transparent; font-weight: bold; font-style: normal; font-variant: normal; text-decoration: none; vertical-align: baseline; white-space: pre-wrap;\">A<\/span><span style=\"font-size: 11pt; font-family: Arial; color: #000000; background-color: transparent; font-weight: 400; font-style: normal; font-variant: normal; text-decoration: none; vertical-align: baseline; white-space: pre-wrap;\">nciennes des <\/span><span style=\"font-size: 18pt; font-family: Arial; color: #ff0000; background-color: transparent; font-weight: bold; font-style: normal; font-variant: normal; text-decoration: none; vertical-align: baseline; white-space: pre-wrap;\">S<\/span><span style=\"font-size: 11pt; font-family: Arial; color: #000000; background-color: transparent; font-weight: 400; font-style: normal; font-variant: normal; text-decoration: none; vertical-align: baseline; white-space: pre-wrap;\">avoies a \u00e9t\u00e9 cr\u00e9\u00e9 en 2007 par quelques amis passionn\u00e9s par les voitures anciennes.<\/span><\/p><p dir=\"ltr\" style=\"line-height: 1.38; margin-top: 0pt; margin-bottom: 0pt;\"><span style=\"font-size: 11pt; font-family: Arial; color: #000000; background-color: transparent; font-weight: 400; font-style: normal; font-variant: normal; text-decoration: none; vertical-align: baseline; white-space: pre-wrap;\">Elle a pour objet de profiter de nos magnifiques paysages chauss\u00e9s de nos voitures de collection ou de prestige, de partager de tr\u00e8s bons moments ensembles, de cr\u00e9er des liens entre amateurs et possesseurs de voitures, de motos anciennes de les regrouper, leur permettre d\u2019avoir les contacts plus faciles avec d\u2019autres associations, d\u2019organiser et de participer \u00e0 des concentrations et manifestations. De belles sorties ont \u00e9t\u00e9 organis\u00e9es depuis le d\u00e9but de cette aventure, sur une ou plusieurs journ\u00e9e. Le plaisir de se retrouver est toujours aussi intense, le groupe est solidaire et ne pense qu&rsquo;aux retrouvailles toujours dans la bonne humeur.<\/span><\/p><p dir=\"ltr\" style=\"line-height: 1.38; margin-top: 0pt; margin-bottom: 0pt;\"><span style=\"font-size: 11pt; font-family: Arial; color: #000000; background-color: transparent; font-weight: 400; font-style: normal; font-variant: normal; text-decoration: none; vertical-align: baseline; white-space: pre-wrap;\">Si vous partagez ces valeurs et que vous avez envie de passer de bons moments entre copains, venez nous rejoindre sans plus attendre.<\/span><\/p>\t\t\t\t\t<\/div>\n\t\t\t\t\t\t<\/div>\n\t\t\t\t<\/div>\n\t\t\t\t\t\t<\/div>\n\t\t\t\t\t<\/div>\n\t\t<\/div>\n\t\t\t\t\t\t\t\t<\/div>\n\t\t\t\t\t<\/div>\n\t\t<\/section>\n\t\t\t\t<section class=\"elementor-section elementor-top-section elementor-element elementor-element-fe36e8c elementor-section-boxed elementor-section-height-default elementor-section-height-default\" data-id=\"fe36e8c\" data-element_type=\"section\">\n\t\t\t\t\t\t<div class=\"elementor-container elementor-column-gap-default\">\n\t\t\t\t\t\t\t<div class=\"elementor-row\">\n\t\t\t\t\t<div class=\"elementor-column elementor-col-100 elementor-top-column elementor-element elementor-element-4d8ee31\" data-id=\"4d8ee31\" data-element_type=\"column\">\n\t\t\t<div class=\"elementor-column-wrap elementor-element-populated\">\n\t\t\t\t\t\t\t<div class=\"elementor-widget-wrap\">\n\t\t\t\t\t\t<div class=\"elementor-element elementor-element-43af03e elementor-widget elementor-widget-spacer\" data-id=\"43af03e\" data-element_type=\"widget\" data-widget_type=\"spacer.default\">\n\t\t\t\t<div class=\"elementor-widget-container\">\n\t\t\t\t\t<div class=\"elementor-spacer\">\n\t\t\t<div class=\"elementor-spacer-inner\"><\/div>\n\t\t<\/div>\n\t\t\t\t<\/div>\n\t\t\t\t<\/div>\n\t\t\t\t\t\t<\/div>\n\t\t\t\t\t<\/div>\n\t\t<\/div>\n\t\t\t\t\t\t\t\t<\/div>\n\t\t\t\t\t<\/div>\n\t\t<\/section>\n\t\t\t\t<section class=\"elementor-section elementor-top-section elementor-element elementor-element-ec62b36 elementor-section-boxed elementor-section-height-default elementor-section-height-default\" data-id=\"ec62b36\" data-element_type=\"section\">\n\t\t\t\t\t\t<div class=\"elementor-container elementor-column-gap-default\">\n\t\t\t\t\t\t\t<div class=\"elementor-row\">\n\t\t\t\t\t<div class=\"elementor-column elementor-col-100 elementor-top-column elementor-element elementor-element-eb7e59f\" data-id=\"eb7e59f\" data-element_type=\"column\">\n\t\t\t<div class=\"elementor-column-wrap elementor-element-populated\">\n\t\t\t\t\t\t\t<div class=\"elementor-widget-wrap\">\n\t\t\t\t\t\t<div class=\"elementor-element elementor-element-0daa1e1 elementor-arrows-position-inside elementor-widget elementor-widget-image-carousel\" data-id=\"0daa1e1\" data-element_type=\"widget\" data-settings=\"{&quot;slides_to_show&quot;:&quot;1&quot;,&quot;navigation&quot;:&quot;arrows&quot;,&quot;autoplay_speed&quot;:1500,&quot;effect&quot;:&quot;fade&quot;,&quot;autoplay&quot;:&quot;yes&quot;,&quot;pause_on_hover&quot;:&quot;yes&quot;,&quot;pause_on_interaction&quot;:&quot;yes&quot;,&quot;infinite&quot;:&quot;yes&quot;,&quot;speed&quot;:500}\" data-widget_type=\"image-carousel.default\">\n\t\t\t\t<div class=\"elementor-widget-container\">\n\t\t\t\t\t<div class=\"elementor-image-carousel-wrapper swiper-container\" dir=\"ltr\">\n\t\t\t<div class=\"elementor-image-carousel swiper-wrapper\">\n\t\t\t\t\t\t\t\t<div class=\"swiper-slide\"><figure class=\"swiper-slide-inner\"><img class=\"swiper-slide-image\" src=\"https:\/\/aaaas.fr\/wp-content\/uploads\/2021\/09\/20210903_112301-1-2048x1536.jpg\" alt=\"20210903_112301\" \/><\/figure><\/div><div class=\"swiper-slide\"><figure class=\"swiper-slide-inner\"><img class=\"swiper-slide-image\" src=\"https:\/\/aaaas.fr\/wp-content\/uploads\/2021\/09\/20210903_112249-1-2048x1536.jpg\" alt=\"20210903_112249\" \/><\/figure><\/div><div class=\"swiper-slide\"><figure class=\"swiper-slide-inner\"><img class=\"swiper-slide-image\" src=\"https:\/\/aaaas.fr\/wp-content\/uploads\/2021\/09\/20210903_112235-1-2048x1536.jpg\" alt=\"20210903_112235\" \/><\/figure><\/div><div class=\"swiper-slide\"><figure class=\"swiper-slide-inner\"><img class=\"swiper-slide-image\" src=\"https:\/\/aaaas.fr\/wp-content\/uploads\/2021\/09\/20210903_112227-1-2048x1536.jpg\" alt=\"20210903_112227\" \/><\/figure><\/div><div class=\"swiper-slide\"><figure class=\"swiper-slide-inner\"><img class=\"swiper-slide-image\" src=\"https:\/\/aaaas.fr\/wp-content\/uploads\/2021\/09\/20210903_112216-1-2048x1536.jpg\" alt=\"20210903_112216\" \/><\/figure><\/div><div class=\"swiper-slide\"><figure class=\"swiper-slide-inner\"><img class=\"swiper-slide-image\" src=\"https:\/\/aaaas.fr\/wp-content\/uploads\/2021\/09\/20210903_112208-1-2048x1536.jpg\" alt=\"20210903_112208\" \/><\/figure><\/div><div class=\"swiper-slide\"><figure class=\"swiper-slide-inner\"><img class=\"swiper-slide-image\" src=\"https:\/\/aaaas.fr\/wp-content\/uploads\/2021\/09\/20210903_112156-1-2048x1536.jpg\" alt=\"20210903_112156\" \/><\/figure><\/div><div class=\"swiper-slide\"><figure class=\"swiper-slide-inner\"><img class=\"swiper-slide-image\" src=\"https:\/\/aaaas.fr\/wp-content\/uploads\/2021\/09\/20210903_112141-1-2048x1536.jpg\" alt=\"20210903_112141\" \/><\/figure><\/div><div class=\"swiper-slide\"><figure class=\"swiper-slide-inner\"><img class=\"swiper-slide-image\" src=\"https:\/\/aaaas.fr\/wp-content\/uploads\/2021\/09\/20210903_112122-1-2048x1536.jpg\" alt=\"20210903_112122\" \/><\/figure><\/div><div class=\"swiper-slide\"><figure class=\"swiper-slide-inner\"><img class=\"swiper-slide-image\" src=\"https:\/\/aaaas.fr\/wp-content\/uploads\/2021\/09\/20210903_112105-1-2048x1536.jpg\" alt=\"20210903_112105\" \/><\/figure><\/div><div class=\"swiper-slide\"><figure class=\"swiper-slide-inner\"><img class=\"swiper-slide-image\" src=\"https:\/\/aaaas.fr\/wp-content\/uploads\/2021\/09\/20210903_112057-1-2048x1536.jpg\" alt=\"20210903_112057\" \/><\/figure><\/div><div class=\"swiper-slide\"><figure class=\"swiper-slide-inner\"><img class=\"swiper-slide-image\" src=\"https:\/\/aaaas.fr\/wp-content\/uploads\/2021\/09\/20210903_112050-1-2048x1536.jpg\" alt=\"20210903_112050\" \/><\/figure><\/div><div class=\"swiper-slide\"><figure class=\"swiper-slide-inner\"><img class=\"swiper-slide-image\" src=\"https:\/\/aaaas.fr\/wp-content\/uploads\/2021\/09\/20210903_112040-1-2048x1536.jpg\" alt=\"20210903_112040\" \/><\/figure><\/div><div class=\"swiper-slide\"><figure class=\"swiper-slide-inner\"><img class=\"swiper-slide-image\" src=\"https:\/\/aaaas.fr\/wp-content\/uploads\/2021\/09\/20210903_112030-1-2048x1536.jpg\" alt=\"20210903_112030\" \/><\/figure><\/div><div class=\"swiper-slide\"><figure class=\"swiper-slide-inner\"><img class=\"swiper-slide-image\" src=\"https:\/\/aaaas.fr\/wp-content\/uploads\/2021\/09\/20210903_111723-1-2048x1536.jpg\" alt=\"20210903_111723\" \/><\/figure><\/div><div class=\"swiper-slide\"><figure class=\"swiper-slide-inner\"><img class=\"swiper-slide-image\" src=\"https:\/\/aaaas.fr\/wp-content\/uploads\/2021\/10\/20210903_112601-2048x1536.jpg\" alt=\"20210903_112601\" \/><\/figure><\/div><div class=\"swiper-slide\"><figure class=\"swiper-slide-inner\"><img class=\"swiper-slide-image\" src=\"https:\/\/aaaas.fr\/wp-content\/uploads\/2021\/10\/20210903_112552-2048x1536.jpg\" alt=\"20210903_112552\" \/><\/figure><\/div><div class=\"swiper-slide\"><figure class=\"swiper-slide-inner\"><img class=\"swiper-slide-image\" src=\"https:\/\/aaaas.fr\/wp-content\/uploads\/2021\/10\/20210903_112542-2048x1536.jpg\" alt=\"20210903_112542\" \/><\/figure><\/div><div class=\"swiper-slide\"><figure class=\"swiper-slide-inner\"><img class=\"swiper-slide-image\" src=\"https:\/\/aaaas.fr\/wp-content\/uploads\/2021\/10\/20210903_112532-2048x1536.jpg\" alt=\"20210903_112532\" \/><\/figure><\/div><div class=\"swiper-slide\"><figure class=\"swiper-slide-inner\"><img class=\"swiper-slide-image\" src=\"https:\/\/aaaas.fr\/wp-content\/uploads\/2021\/10\/20210903_112524-2048x1536.jpg\" alt=\"20210903_112524\" \/><\/figure><\/div><div class=\"swiper-slide\"><figure class=\"swiper-slide-inner\"><img class=\"swiper-slide-image\" src=\"https:\/\/aaaas.fr\/wp-content\/uploads\/2021\/10\/20210903_112515-2048x1536.jpg\" alt=\"20210903_112515\" \/><\/figure><\/div><div class=\"swiper-slide\"><figure class=\"swiper-slide-inner\"><img class=\"swiper-slide-image\" src=\"https:\/\/aaaas.fr\/wp-content\/uploads\/2021\/10\/20210903_112459-2048x1536.jpg\" alt=\"20210903_112459\" \/><\/figure><\/div><div class=\"swiper-slide\"><figure class=\"swiper-slide-inner\"><img class=\"swiper-slide-image\" src=\"https:\/\/aaaas.fr\/wp-content\/uploads\/2021\/10\/20210903_112449-2048x1536.jpg\" alt=\"20210903_112449\" \/><\/figure><\/div><div class=\"swiper-slide\"><figure class=\"swiper-slide-inner\"><img class=\"swiper-slide-image\" src=\"https:\/\/aaaas.fr\/wp-content\/uploads\/2021\/10\/20210903_112441-2048x1536.jpg\" alt=\"20210903_112441\" \/><\/figure><\/div><div class=\"swiper-slide\"><figure class=\"swiper-slide-inner\"><img class=\"swiper-slide-image\" src=\"https:\/\/aaaas.fr\/wp-content\/uploads\/2021\/10\/20210903_112434-2048x1536.jpg\" alt=\"20210903_112434\" \/><\/figure><\/div><div class=\"swiper-slide\"><figure class=\"swiper-slide-inner\"><img class=\"swiper-slide-image\" src=\"https:\/\/aaaas.fr\/wp-content\/uploads\/2021\/10\/20210903_112425-2048x1536.jpg\" alt=\"20210903_112425\" \/><\/figure><\/div><div class=\"swiper-slide\"><figure class=\"swiper-slide-inner\"><img class=\"swiper-slide-image\" src=\"https:\/\/aaaas.fr\/wp-content\/uploads\/2021\/10\/20210903_112416-2048x1536.jpg\" alt=\"20210903_112416\" \/><\/figure><\/div><div class=\"swiper-slide\"><figure class=\"swiper-slide-inner\"><img class=\"swiper-slide-image\" src=\"https:\/\/aaaas.fr\/wp-content\/uploads\/2021\/10\/20210903_112403-2048x1536.jpg\" alt=\"20210903_112403\" \/><\/figure><\/div><div class=\"swiper-slide\"><figure class=\"swiper-slide-inner\"><img class=\"swiper-slide-image\" src=\"https:\/\/aaaas.fr\/wp-content\/uploads\/2021\/10\/20210903_112350-2048x1536.jpg\" alt=\"20210903_112350\" \/><\/figure><\/div>\t\t\t<\/div>\n\t\t\t\t\t\t\t\t\t\t\t\t\t\t\t\t<div class=\"elementor-swiper-button elementor-swiper-button-prev\" role=\"button\" tabindex=\"0\">\n\t\t\t\t\t\t<i aria-hidden=\"true\" class=\"eicon-chevron-left\"><\/i>\t\t\t\t\t\t<span class=\"elementor-screen-only\">Previous image<\/span>\n\t\t\t\t\t<\/div>\n\t\t\t\t\t<div class=\"elementor-swiper-button elementor-swiper-button-next\" role=\"button\" tabindex=\"0\">\n\t\t\t\t\t\t<i aria-hidden=\"true\" class=\"eicon-chevron-right\"><\/i>\t\t\t\t\t\t<span class=\"elementor-screen-only\">Next image<\/span>\n\t\t\t\t\t<\/div>\n\t\t\t\t\t\t\t\t\t<\/div>\n\t\t\t\t<\/div>\n\t\t\t\t<\/div>\n\t\t\t\t\t\t<\/div>\n\t\t\t\t\t<\/div>\n\t\t<\/div>\n\t\t\t\t\t\t\t\t<\/div>\n\t\t\t\t\t<\/div>\n\t\t<\/section>\n\t\t\t\t\t\t\t\t\t<\/div>\n\t\t\t<\/div>\n\t\t\t\t\t<\/div>\n\t\t","protected":false},"excerpt":{"rendered":"<p>L&rsquo; Association des Amis des Automobiles Anciennes des Savoies a \u00e9t\u00e9 cr\u00e9\u00e9 en 2007 par quelques amis passionn\u00e9s par les voitures anciennes. Elle a pour objet de profiter de nos magnifiques paysages chauss\u00e9s de nos voitures de collection ou de prestige, de partager de tr\u00e8s bons moments ensembles, de cr\u00e9er des liens entre amateurs etLire la suite &rarr;<\/p>\n","protected":false},"author":1,"featured_media":0,"parent":0,"menu_order":0,"comment_status":"closed","ping_status":"closed","template":"","meta":{"_seopress_robots_primary_cat":"","_seopress_titles_title":"","_seopress_titles_desc":"","_seopress_robots_index":""},"_links":{"self":[{"href":"https:\/\/aaaas.fr\/index.php\/wp-json\/wp\/v2\/pages\/68"}],"collection":[{"href":"https:\/\/aaaas.fr\/index.php\/wp-json\/wp\/v2\/pages"}],"about":[{"href":"https:\/\/aaaas.fr\/index.php\/wp-json\/wp\/v2\/types\/page"}],"author":[{"embeddable":true,"href":"https:\/\/aaaas.fr\/index.php\/wp-json\/wp\/v2\/users\/1"}],"replies":[{"embeddable":true,"href":"https:\/\/aaaas.fr\/index.php\/wp-json\/wp\/v2\/comments?post=68"}],"version-history":[{"count":80,"href":"https:\/\/aaaas.fr\/index.php\/wp-json\/wp\/v2\/pages\/68\/revisions"}],"predecessor-version":[{"id":1354,"href":"https:\/\/aaaas.fr\/index.php\/wp-json\/wp\/v2\/pages\/68\/revisions\/1354"}],"wp:attachment":[{"href":"https:\/\/aaaas.fr\/index.php\/wp-json\/wp\/v2\/media?parent=68"}],"curies":[{"name":"wp","href":"https:\/\/api.w.org\/{rel}","templated":true}]}}